{"id":968,"date":"2021-04-17T04:49:59","date_gmt":"2021-04-17T04:49:59","guid":{"rendered":"http:\/\/mendozarew.com\/?page_id=968"},"modified":"2023-10-14T14:11:29","modified_gmt":"2023-10-14T14:11:29","slug":"home","status":"publish","type":"page","link":"https:\/\/mendozarew.com\/","title":{"rendered":"Home"},"content":{"rendered":"\n\n\t<p>&nbsp;<\/p>\n\t<p>&nbsp;<\/p>\n\t<p>&nbsp;<\/p>\n<h2>\n\t\tTake Your Life to The Next Level\n\t<\/h2>\n\t\t\t<a href=\"https:\/\/us11.list-manage.com\/contact-form?u=a037f271c8288a8d1a0aec27b&#038;form_id=78f2288a0a986d1faca17824dbaa5338\" target=\"_blank\" rel=\"noopener\">\n\t\t\t\t\t\t\tLet&#8217;s connect!\n\t\t\t\t\t<\/a>\n\t<p>&nbsp;<\/p>\n\t<p>&nbsp;<\/p>\n\t<p>&nbsp;<\/p>\n\t<p>&nbsp;<\/p>\n\t<p>&nbsp;<\/p>\n\tWhat does it take to live the life you love?<br \/>\n\n<hr \/>\n<p>&nbsp;<\/p>\n\t<p><strong>01. Self Awareness<\/strong><\/p>\n<p>Observing your attitude and self-talk is yout best tool for growth.<\/p>\n\t<p><strong>02. Self Improvement<\/strong><\/p>\n<p>Knowing that you&#8217;re great because you can always get better.<\/p>\n\t<strong>03. Never Give Up<br \/>\n<\/strong>\n<p>Be resilient, find your ways to success. If you never quit, you never lose.<\/p>\n\t<p><strong>04. Commitment<\/strong><\/p>\n<p>No one but your future self holds you accountable for your success!<\/p>\n<p>&nbsp;<\/p>\n\t<p>How can we help you make it happen?<\/p>\n<hr \/>\n<p>&nbsp;<\/p>\n\t<p>Hi!<\/p>\n<p>This is Patricia Mendoza and Richard Rew, we have been creating our own lifestyle in business for more than 30 years, that&#8217;s why we say we are <strong>Lifestyle Entrepreneurs<\/strong>. We love coaching people into success, because we know very well how to design it from the start.<\/p>\n<p>Follow us on Facebook!<\/p>\n\t\t\t<a href=\"https:\/\/us11.list-manage.com\/contact-form?u=a037f271c8288a8d1a0aec27b&#038;form_id=78f2288a0a986d1faca17824dbaa5338\" target=\"_self\" rel=\"noopener\">\n\t\t\t\t\t\t\tLet&#8217;s Connect!\n\t\t\t\t\t<\/a>\n\t<p>What are we up to?<\/p>\n<hr \/>\n<p>&nbsp;<\/p>\n\t<!-- Begin Mailchimp Signup Form -->\n<link href=\"\/\/cdn-images.mailchimp.com\/embedcode\/classic-071822.css\" rel=\"stylesheet\" type=\"text\/css\"\/>\n<style type=\"text\/css\">\n\t#mc_embed_signup{background:#fff; clear:left; font:14px Helvetica,Arial,sans-serif;  width:600px;}\n\t\/* Add your own Mailchimp form style overrides in your site stylesheet or in this style block.\n\t   We recommend moving this block and the preceding CSS link to the HEAD of your HTML file. *\/\n<\/style>\n<style type=\"text\/css\">\n\t#mc-embedded-subscribe-form input[type=checkbox]{display: inline; width: auto;margin-right: 10px;}\n\t#mergeRow-gdpr {margin-top: 20px;}\n\t#mergeRow-gdpr fieldset label {font-weight: normal;}\n\t#mc-embedded-subscribe-form .mc_fieldset{border:none;min-height: 0px;padding-bottom:0px;}\n<\/style>\n    <form action=\"https:\/\/gmail.us11.list-manage.com\/subscribe\/post?u=a037f271c8288a8d1a0aec27b&amp;id=ca2bb20a98&amp;v_id=4609&amp;f_id=0026b0e0f0\" method=\"post\" id=\"mc-embedded-subscribe-form\" name=\"mc-embedded-subscribe-form\" target=\"_blank\" novalidate>\n        <h2>Find out right in your mailbox!<\/h2>\n        <h2>\u00a1Desc\u00fabrelo en tu bandeja de entrada!<\/h2>\n        * indicates required\n\t<label for=\"mce-EMAIL\">Email Address  *\n<\/label>\n\t<input type=\"email\" value=\"\" name=\"EMAIL\" id=\"mce-EMAIL\" required\/>\n\t<label for=\"mce-FNAME\">First Name  *\n<\/label>\n\t<input type=\"text\" value=\"\" name=\"FNAME\" id=\"mce-FNAME\" required\/>\n\t<label for=\"mce-LNAME\">Last Name  *\n<\/label>\n\t<input type=\"text\" value=\"\" name=\"LNAME\" id=\"mce-LNAME\" required\/>\n        <p>We use Mailchimp as our marketing platform. By clicking below to subscribe, you acknowledge that your information will be transferred to Mailchimp for processing. <a href=\"https:\/\/mailchimp.com\/legal\/terms\" target=\"_blank\" rel=\"noopener\">Learn more about Mailchimp&#8217;s privacy practices here.<\/a><\/p>\n\t    <!-- real people should not fill this in and expect good things - do not remove this or risk form bot signups-->\n    <input type=\"text\" name=\"b_a037f271c8288a8d1a0aec27b_ca2bb20a98\" tabindex=\"-1\" value=\"\"\/>\n                <input type=\"submit\" value=\"Subscribe\" name=\"subscribe\" id=\"mc-embedded-subscribe\"\/>\n                <p><a href=\"http:\/\/eepurl.com\/h_i4fX\" title=\"Mailchimp - email marketing made easy and fun\"><img decoding=\"async\" src=\"https:\/\/eep.io\/mc-cdn-images\/template_images\/branding_logo_text_dark_dtp.svg\"\/><\/a><\/p>\n<\/form>\n<!--End mc_embed_signup-->\n<p><strong>MONTHLY MAGIC<\/strong><\/p>\n<p>This tool is not only great to plan out your year, but also for you to keep inspired and focused on the ACTIONS that will take you where you want to go.<\/p>\n<p>Use it and see where 2023 will take you!<\/p>\n\t<p><em><strong>MAGIA MENSUAL<\/strong><\/em><\/p>\n<p><em>Esta herramienta no s\u00f3lo es estupenda para planificar tu a\u00f1o, sino tambi\u00e9n para que te mantengas inspirado y centrado en las ACCIONES que te llevar\u00e1n a donde quieres ir.<\/em><\/p>\n<p><em>\u00a1Util\u00edzala y descubre ad\u00f3nde te llevar\u00e1 el 2023!<\/em><\/p>\n\n","protected":false},"excerpt":{"rendered":"<p>&nbsp; &nbsp; &nbsp; Take Your Life to The Next Level Let&#8217;s connect! &nbsp; &nbsp; &nbsp; &nbsp; &nbsp; What does it take to live the life you love? &nbsp; 01. Self Awareness Observing your attitude and self-talk is yout best tool for growth. 02. Self Improvement Knowing that you&#8217;re great because you can always get better. &hellip;<\/p>\n<p class=\"read-more\"> <a class=\"\" href=\"https:\/\/mendozarew.com\/\"> <span class=\"screen-reader-text\">Home<\/span> Read More &raquo;<\/a><\/p>\n","protected":false},"author":1,"featured_media":0,"parent":0,"menu_order":0,"comment_status":"closed","ping_status":"closed","template":"","meta":{"om_disable_all_campaigns":false,"_monsterinsights_skip_tracking":false,"_monsterinsights_sitenote_active":false,"_monsterinsights_sitenote_note":"","_monsterinsights_sitenote_category":0,"site-sidebar-layout":"no-sidebar","site-content-layout":"page-builder","ast-global-header-display":"","ast-main-header-display":"","ast-hfb-above-header-display":"","ast-hfb-below-header-display":"","ast-hfb-mobile-header-display":"","site-post-title":"disabled","ast-breadcrumbs-content":"disabled","ast-featured-img":"disabled","footer-sml-layout":"","theme-transparent-header-meta":"enabled","adv-header-id-meta":"","stick-header-meta":"","header-above-stick-meta":"","header-main-stick-meta":"","header-below-stick-meta":"","footnotes":""},"aioseo_notices":[],"_links":{"self":[{"href":"https:\/\/mendozarew.com\/index.php?rest_route=\/wp\/v2\/pages\/968"}],"collection":[{"href":"https:\/\/mendozarew.com\/index.php?rest_route=\/wp\/v2\/pages"}],"about":[{"href":"https:\/\/mendozarew.com\/index.php?rest_route=\/wp\/v2\/types\/page"}],"author":[{"embeddable":true,"href":"https:\/\/mendozarew.com\/index.php?rest_route=\/wp\/v2\/users\/1"}],"replies":[{"embeddable":true,"href":"https:\/\/mendozarew.com\/index.php?rest_route=%2Fwp%2Fv2%2Fcomments&post=968"}],"version-history":[{"count":53,"href":"https:\/\/mendozarew.com\/index.php?rest_route=\/wp\/v2\/pages\/968\/revisions"}],"predecessor-version":[{"id":1142,"href":"https:\/\/mendozarew.com\/index.php?rest_route=\/wp\/v2\/pages\/968\/revisions\/1142"}],"wp:attachment":[{"href":"https:\/\/mendozarew.com\/index.php?rest_route=%2Fwp%2Fv2%2Fmedia&parent=968"}],"curies":[{"name":"wp","href":"https:\/\/api.w.org\/{rel}","templated":true}]}}